{"id":2194,"date":"2021-09-06T20:22:55","date_gmt":"2021-09-06T20:22:55","guid":{"rendered":"https:\/\/www.stanovi-remetinec.com\/?page_id=2194"},"modified":"2024-07-22T20:07:41","modified_gmt":"2024-07-22T20:07:41","slug":"tehnicki-opis","status":"publish","type":"page","link":"https:\/\/www.stanovi-remetinec.com\/en\/tehnicki-opis\/","title":{"rendered":"Tehni\u010dki opis"},"content":{"rendered":"<div data-elementor-type=\"wp-page\" data-elementor-id=\"2194\" class=\"elementor elementor-2194\">\n\t\t\t\t\t\t<section class=\"elementor-section elementor-top-section elementor-element elementor-element-2a3034d elementor-section-boxed elementor-section-height-default elementor-section-height-default\" data-id=\"2a3034d\" data-element_type=\"section\" data-e-type=\"section\">\n\t\t\t\t\t\t<div class=\"elementor-container elementor-column-gap-default\">\n\t\t\t\t\t<div class=\"elementor-column elementor-col-100 elementor-top-column elementor-element elementor-element-41d2775\" data-id=\"41d2775\" data-element_type=\"column\" data-e-type=\"column\">\n\t\t\t<div class=\"elementor-widget-wrap elementor-element-populated\">\n\t\t\t\t\t\t<div class=\"elementor-element elementor-element-07d414d elementor-widget elementor-widget-text-editor\" data-id=\"07d414d\" data-element_type=\"widget\" data-e-type=\"widget\" data-widget_type=\"text-editor.default\">\n\t\t\t\t<div class=\"elementor-widget-container\">\n\t\t\t\t\t\t\t\t\t<h2>GRIJANJE<\/h2>\n<p>&#8211; Individualne dizalice topline na principu zrak &#8211; voda<br>&#8211; Podno grijanje u svim prostorijama<br>&#8211; Priprema potro\u0161ne tople vode u spremniku integriranom u unutarnjem monoblok modulu u ulaznom<br>prostoru<br>&#8211; Hla\u0111enje preko klime<br>&#8211; Vanjska jedinica svakog stana smje\u0161tena na krovu<br>&#8211; U\u0161teda u odnosu na grijanje na plin oko 25%<\/p>\n<h2>HIDROIZOLACIJA\/KROV<\/h2>\n<p>&#8211; Izvodi se kao neprohodni ravni krov s toplinskom izolacijom debljine 20 cm sa zavr\u0161nom TPO hidro-<br>izolacijskom membranom<\/p>\n<h2>ELEKTROINSTALACIJE<\/h2>\n<p>&#8211; Elektrooprema visoke kvalitete renomiranih dobavlja\u010da<br>&#8211; Elektroni\u010dka brojila smje\u0161tena su u hodnicima<br>&#8211; Rasvjetna tijela u zajedni\u010dkim prostorima, okoli\u0161u i na balkonima su u LED tehnologiji<\/p>\n<h2>VANJSKA STOLARIJA<\/h2>\n<p>\u2013 Elegantna pvc stolarija u crnoj boji <br>\u2013 Velike staklene povr\u0161ine <br>\u2013 Energetski u\u010dinkovita s troslojnim staklima punjenima argonom <br>\u2013 Vanjske rolete od aluminijskih letvica na elektri\u010dni pogon na tipkalo <br>\u2013 Skrivene\/pod\u017ebukne kutije roleta<\/p>\n<h2>KONSTRUKCIJA<\/h2>\n<p>&#8211; Armirano-betonska<\/p>\n<h2>VODOVOD I KANALIZACIJA<\/h2>\n<p>&#8211; Daljinsko o\u010ditavanje potro\u0161nje vode<br>&#8211; Vodomjeri smje\u0161teni u stubi\u0161tima<\/p>\n<h2>UNUTARNJA STOLARIJA<\/h2>\n<p>\u2013 Sva ulazna vrata u stanove su protuprovalna i protupo\u017earna <br>\u2013 Sva unutarnja vrata su bijela s obuhvatnim masovnim dovratnicima<\/p>\n<h2>FASADA<\/h2>\n<p>&#8211; ETICS sustav s izolacijom od kamene vune debljine 16 cm i zavr\u0161nim slojem od silikonske \u017ebuke<br>&#8211; Detalji oblo\u017eeni dekorativnom ciglom<\/p>\n<h2>ZIDOVI<\/h2>\n<p>&#8211; Fasadni zidovi su armirano betonski debljine 20 cm te o\u017ebukani s vanjske strane ETICS fasadom<br>&#8211; Pregradni zidovi me\u0111u stanovima su armirano betonski debljine 20 cm i dodatno zvu\u010dno izolirani<br>oblogom od gips-kartonskih plo\u010da s ispunom od mineralne vune<br>&#8211; Zidovi prema hodnicima su armirano betonski debljine 20 cm te o\u017ebukani s unutarnje strane, a prema<br>hodniku toplinski i zvu\u010dno izolirani oblogom od gips-kartonskih plo\u010da s ispunom od mineralne vune<br>&#8211; Unutra\u0161nji pregradni zidovi izvode se od gipskartonskih elemenata<\/p>\n<h2>PARKET<\/h2>\n<p>&#8211; Kvalitetan, vi\u0161eslojni, modernog dizajna, velikih dimenzija, prilago\u0111en podnom grijanju<br>&#8211; Obrada: zavr\u0161no lakiran<\/p>\n<h2>SANITARNA OPREMA<\/h2>\n<p>&#8211; Zajedni\u010dki prostori: podovi i stepeni\u0161ta od kvalitetnih kerami\u010dkih plo\u010dica<br>&#8211; Sva sanitarna oprema je od renomiranih dobavlja\u010da i visoke kvalitete<\/p>\n<h2>UVJETI ODR\u017dAVANJA ZGRADE<\/h2>\n<p>&#8211; Radi osiguravanja normalnog funkcioniranje zgrade anga\u017eirati \u0107emo upravitelja zgrade ve\u0107 po<br>primopredaji posebnih dijelova nekretnine prvim kupcima.<br>&#8211; Svaki Kupac kod preuzimanja stana dobiva upute za kori\u0161tenje i odr\u017eavanje stambenog prostora.<\/p>\t\t\t\t\t\t\t\t<\/div>\n\t\t\t\t<\/div>\n\t\t\t\t\t<\/div>\n\t\t<\/div>\n\t\t\t\t\t<\/div>\n\t\t<\/section>\n\t\t\t\t<\/div>","protected":false},"excerpt":{"rendered":"<p>GRIJANJE &#8211; Individualne dizalice topline na principu zrak &#8211; voda&#8211; Podno grijanje u svim prostorijama&#8211; Priprema potro\u0161ne tople vode u spremniku integriranom u unutarnjem monoblok modulu u ulaznomprostoru&#8211; Hla\u0111enje preko klime&#8211; Vanjska jedinica svakog stana smje\u0161tena na krovu&#8211; U\u0161teda u odnosu na grijanje na plin oko 25% HIDROIZOLACIJA\/KROV &#8211; Izvodi se kao neprohodni ravni krov &hellip; <\/p>\n<p class=\"link-more\"><a href=\"https:\/\/www.stanovi-remetinec.com\/en\/tehnicki-opis\/\" class=\"more-link\">Read More <span class=\"screen-reader-text\"> &#8220;Tehni\u010dki opis&#8221;<\/span><\/a><\/p>","protected":false},"author":1,"featured_media":0,"parent":0,"menu_order":0,"comment_status":"closed","ping_status":"closed","template":"","meta":{"inline_featured_image":false,"footnotes":""},"class_list":["post-2194","page","type-page","status-publish","hentry"],"aioseo_notices":[],"_links":{"self":[{"href":"https:\/\/www.stanovi-remetinec.com\/en\/wp-json\/wp\/v2\/pages\/2194","targetHints":{"allow":["GET"]}}],"collection":[{"href":"https:\/\/www.stanovi-remetinec.com\/en\/wp-json\/wp\/v2\/pages"}],"about":[{"href":"https:\/\/www.stanovi-remetinec.com\/en\/wp-json\/wp\/v2\/types\/page"}],"author":[{"embeddable":true,"href":"https:\/\/www.stanovi-remetinec.com\/en\/wp-json\/wp\/v2\/users\/1"}],"replies":[{"embeddable":true,"href":"https:\/\/www.stanovi-remetinec.com\/en\/wp-json\/wp\/v2\/comments?post=2194"}],"version-history":[{"count":6,"href":"https:\/\/www.stanovi-remetinec.com\/en\/wp-json\/wp\/v2\/pages\/2194\/revisions"}],"predecessor-version":[{"id":3106,"href":"https:\/\/www.stanovi-remetinec.com\/en\/wp-json\/wp\/v2\/pages\/2194\/revisions\/3106"}],"wp:attachment":[{"href":"https:\/\/www.stanovi-remetinec.com\/en\/wp-json\/wp\/v2\/media?parent=2194"}],"curies":[{"name":"wp","href":"https:\/\/api.w.org\/{rel}","templated":true}]}}